{"id":1443,"date":"2023-05-08T18:38:01","date_gmt":"2023-05-08T18:38:01","guid":{"rendered":"https:\/\/sites.letras.ufmg.br\/aem\/?page_id=1443"},"modified":"2023-09-06T17:01:51","modified_gmt":"2023-09-06T17:01:51","slug":"aulas-no-aem","status":"publish","type":"page","link":"https:\/\/sites.letras.ufmg.br\/aem\/aulas-no-aem\/","title":{"rendered":"Aulas no AEM"},"content":{"rendered":"\n\n\t<p>Devido as obras que est\u00e3o sendo realizadas na estrutura da Biblioteca Central, a realiza\u00e7\u00e3o de aulas no espa\u00e7o do Acervo est\u00e1 temporariamente pausada!<\/p>\n\n\n","protected":false},"excerpt":{"rendered":"<p>Devido as obras que est\u00e3o sendo realizadas na estrutura da Biblioteca Central, a realiza\u00e7\u00e3o de aulas no espa\u00e7o do Acervo est\u00e1 temporariamente pausada!<\/p>\n","protected":false},"author":4,"featured_media":0,"parent":0,"menu_order":0,"comment_status":"closed","ping_status":"closed","template":"template\/template-page-full-width.php","meta":{"saved_in_kubio":false,"footnotes":""},"class_list":["post-1443","page","type-page","status-publish","hentry"],"kubio_ai_page_context":{"short_desc":"","purpose":"general"},"_links":{"self":[{"href":"https:\/\/sites.letras.ufmg.br\/aem\/wp-json\/wp\/v2\/pages\/1443","targetHints":{"allow":["GET"]}}],"collection":[{"href":"https:\/\/sites.letras.ufmg.br\/aem\/wp-json\/wp\/v2\/pages"}],"about":[{"href":"https:\/\/sites.letras.ufmg.br\/aem\/wp-json\/wp\/v2\/types\/page"}],"author":[{"embeddable":true,"href":"https:\/\/sites.letras.ufmg.br\/aem\/wp-json\/wp\/v2\/users\/4"}],"replies":[{"embeddable":true,"href":"https:\/\/sites.letras.ufmg.br\/aem\/wp-json\/wp\/v2\/comments?post=1443"}],"version-history":[{"count":7,"href":"https:\/\/sites.letras.ufmg.br\/aem\/wp-json\/wp\/v2\/pages\/1443\/revisions"}],"predecessor-version":[{"id":2877,"href":"https:\/\/sites.letras.ufmg.br\/aem\/wp-json\/wp\/v2\/pages\/1443\/revisions\/2877"}],"wp:attachment":[{"href":"https:\/\/sites.letras.ufmg.br\/aem\/wp-json\/wp\/v2\/media?parent=1443"}],"curies":[{"name":"wp","href":"https:\/\/api.w.org\/{rel}","templated":true}]}}