{"id":1833,"date":"2023-06-05T19:13:16","date_gmt":"2023-06-05T19:13:16","guid":{"rendered":"https:\/\/sites.letras.ufmg.br\/aem\/?page_id=1833"},"modified":"2024-12-04T18:58:24","modified_gmt":"2024-12-04T18:58:24","slug":"carolina-maria-de-jesus","status":"publish","type":"page","link":"https:\/\/sites.letras.ufmg.br\/aem\/carolina-maria-de-jesus\/","title":{"rendered":"Carolina Maria de Jesus"},"content":{"rendered":"\n\n\t\t\t\t<img decoding=\"async\" src=\"http:\/\/sites.letras.ufmg.br\/aem\/wp-content\/uploads\/2024\/11\/carolina-maria-de-jesus.png\" alt=\"Carolina Maria de Jesus. Reprodu\u00e7\u00e3o Acervo IMS.\" itemprop=\"image\" title=\"carolina-maria-de-jesus\" onerror=\"this.style.display='none'\"  \/>\n\t\tCarolina Maria de Jesus. Reprodu\u00e7\u00e3o Acervo IMS.\n\t\t\t<a href=\"http:\/\/sites.letras.ufmg.br\/aem\/wp-content\/uploads\/2023\/08\/mapa-Acervo-Carolina.pdf\" target=\"_blank\" rel=\"noopener\">\n\t\t\t\t\t\t\tMapa do Acervo\n\t\t\t\t\t<\/a>\n\t\t\t<a href=\"http:\/\/sites.letras.ufmg.br\/aem\/wp-content\/uploads\/2023\/08\/Planilha-Cadernos-1.pdf\" target=\"_blank\" rel=\"noopener\">\n\t\t\t\t\t\t\tPlanilha: Di\u00e1rios 1\n\t\t\t\t\t<\/a>\n\t\t\t<a href=\"http:\/\/sites.letras.ufmg.br\/aem\/wp-content\/uploads\/2023\/08\/Planilha-Cadernos-2.pdf\" target=\"_blank\" rel=\"noopener\">\n\t\t\t\t\t\t\tPlanilha: Di\u00e1rios 2\n\t\t\t\t\t<\/a>\n\t<p><strong>Carolina Maria de Jesus<\/strong> foi escritora e compositora. Sua obra-prima, <i>Quarto de despejo<\/i>, foi traduzido para 13 idiomas, em 40 pa\u00edses. \u00c9 considerada uma das escritoras mais importantes da literatura brasileira.<\/p>\n\t<p><strong>Nascimento:<\/strong> 14 de mar\u00e7o de 1914, Sacramento, Minas Gerais<\/p>\n<p><strong>Falecimento:\u00a0<\/strong>13 de fevereiro de 1977,\u00a0S\u00e3o Paulo, S\u00e3o Paulo<\/p>\n<p><strong>Origem do acervo: Doa\u00e7\u00e3o por Jos\u00e9 Carlos Sebe Bom Meihy (microfilmes) e S\u00e9rgio da Silva Barcellos (rolo de filme 16 mm).<\/strong><\/p>\n<p><strong>Data de incorpora\u00e7\u00e3o:\u00a0<\/strong>2014<\/p>\n<p><strong>Sum\u00e1rio da composi\u00e7\u00e3o do acervo: 9 rolos de microfilme contendo material original e in\u00e9dito da escritora (anota\u00e7\u00f5es, manuscritos, di\u00e1rios) e 1 rolo de filme de 16 mm contendo o document\u00e1rio Favela &#8211; das leben in armut (1971), dirigido por Christa Gottman-Elter.<\/strong><\/p>\n\n","protected":false},"excerpt":{"rendered":"<p>Carolina Maria de Jesus. Reprodu\u00e7\u00e3o Acervo IMS. Mapa do Acervo Planilha: Di\u00e1rios 1 Planilha: Di\u00e1rios 2 Carolina Maria de Jesus foi escritora e compositora. Sua obra-prima, Quarto de despejo, foi traduzido para 13 idiomas, em 40 pa\u00edses. \u00c9 considerada uma das escritoras mais importantes da literatura brasileira. Nascimento: 14 de mar\u00e7o de 1914, Sacramento, Minas [&hellip;]<\/p>\n","protected":false},"author":4,"featured_media":0,"parent":0,"menu_order":0,"comment_status":"closed","ping_status":"closed","template":"","meta":{"saved_in_kubio":false,"footnotes":""},"class_list":["post-1833","page","type-page","status-publish","hentry"],"kubio_ai_page_context":{"short_desc":"","purpose":"general"},"_links":{"self":[{"href":"https:\/\/sites.letras.ufmg.br\/aem\/wp-json\/wp\/v2\/pages\/1833","targetHints":{"allow":["GET"]}}],"collection":[{"href":"https:\/\/sites.letras.ufmg.br\/aem\/wp-json\/wp\/v2\/pages"}],"about":[{"href":"https:\/\/sites.letras.ufmg.br\/aem\/wp-json\/wp\/v2\/types\/page"}],"author":[{"embeddable":true,"href":"https:\/\/sites.letras.ufmg.br\/aem\/wp-json\/wp\/v2\/users\/4"}],"replies":[{"embeddable":true,"href":"https:\/\/sites.letras.ufmg.br\/aem\/wp-json\/wp\/v2\/comments?post=1833"}],"version-history":[{"count":11,"href":"https:\/\/sites.letras.ufmg.br\/aem\/wp-json\/wp\/v2\/pages\/1833\/revisions"}],"predecessor-version":[{"id":3435,"href":"https:\/\/sites.letras.ufmg.br\/aem\/wp-json\/wp\/v2\/pages\/1833\/revisions\/3435"}],"wp:attachment":[{"href":"https:\/\/sites.letras.ufmg.br\/aem\/wp-json\/wp\/v2\/media?parent=1833"}],"curies":[{"name":"wp","href":"https:\/\/api.w.org\/{rel}","templated":true}]}}