{"id":1841,"date":"2023-06-05T19:17:06","date_gmt":"2023-06-05T19:17:06","guid":{"rendered":"https:\/\/sites.letras.ufmg.br\/aem\/?page_id=1841"},"modified":"2025-07-08T16:04:48","modified_gmt":"2025-07-08T19:04:48","slug":"frei-betto","status":"publish","type":"page","link":"https:\/\/sites.letras.ufmg.br\/aem\/frei-betto\/","title":{"rendered":"Frei Betto"},"content":{"rendered":"\n\n\t\t\t\t<img decoding=\"async\" src=\"http:\/\/sites.letras.ufmg.br\/aem\/wp-content\/uploads\/2024\/11\/frei-betto.png\" alt=\"Frei Betto. Reprodu\u00e7\u00e3o Arquivo AEM.\" itemprop=\"image\" title=\"frei-betto\" onerror=\"this.style.display='none'\"  \/>\n\t\tFrei Betto. Reprodu\u00e7\u00e3o Arquivo AEM.\n\t\t\t<a href=\"http:\/\/sites.letras.ufmg.br\/aem\/wp-content\/uploads\/2023\/08\/Frei-Betto-inventario-provisorio.pdf\" target=\"_blank\" rel=\"noopener\">\n\t\t\t\t\t\t\tInvent\u00e1rio\n\t\t\t\t\t<\/a>\n\t<p>Religioso da Ordem Dominicana, intelectual e revolucion\u00e1rio, <strong>Frei Betto<\/strong> luta contra a ditadura militar desde o in\u00edcio do regime, em 1964. \u00c9 preso em 1969 e solto em 1973, retomando sua atua\u00e7\u00e3o pol\u00edtica a favor de movimentos populares e sindicais. Adepto da Teologia da Liberta\u00e7\u00e3o, atua como assessor especial do presidente Luiz In\u00e1cio Lula da Silva e torna-se coordenador de Mobiliza\u00e7\u00e3o Social do programa Fome Zero. Publica mais de 50 obras em diversas \u00e1reas e ganha dois Pr\u00eamios Jabuti, pelos livros <i>Batismo de sangu<\/i>e e <i>T\u00edpicos tipos<\/i>.<\/p>\n\t<p><strong>Nascimento:\u00a0<\/strong>25 de agosto de 1944, Belo Horizonte, Minas Gerais<\/p>\n<p><b>Origem do acervo: <\/b>Doa\u00e7\u00e3o pelo pr\u00f3prio autor<\/p>\n<p><b>Data de incorpora\u00e7\u00e3o: <\/b>2011<\/p>\n<p><b>Sum\u00e1rio da composi\u00e7\u00e3o do acervo: <\/b>aproximadamente 200 livros e 350 peri\u00f3dicos, e cerca de 350 documentos (cartas, fotografias, quadros, mobili\u00e1rio etc).<\/p>\n\n","protected":false},"excerpt":{"rendered":"<p>Frei Betto. Reprodu\u00e7\u00e3o Arquivo AEM. Invent\u00e1rio Religioso da Ordem Dominicana, intelectual e revolucion\u00e1rio, Frei Betto luta contra a ditadura militar desde o in\u00edcio do regime, em 1964. \u00c9 preso em 1969 e solto em 1973, retomando sua atua\u00e7\u00e3o pol\u00edtica a favor de movimentos populares e sindicais. Adepto da Teologia da Liberta\u00e7\u00e3o, atua como assessor especial [&hellip;]<\/p>\n","protected":false},"author":4,"featured_media":0,"parent":0,"menu_order":0,"comment_status":"closed","ping_status":"closed","template":"","meta":{"saved_in_kubio":false,"footnotes":""},"class_list":["post-1841","page","type-page","status-publish","hentry"],"kubio_ai_page_context":{"short_desc":"","purpose":"general"},"_links":{"self":[{"href":"https:\/\/sites.letras.ufmg.br\/aem\/wp-json\/wp\/v2\/pages\/1841","targetHints":{"allow":["GET"]}}],"collection":[{"href":"https:\/\/sites.letras.ufmg.br\/aem\/wp-json\/wp\/v2\/pages"}],"about":[{"href":"https:\/\/sites.letras.ufmg.br\/aem\/wp-json\/wp\/v2\/types\/page"}],"author":[{"embeddable":true,"href":"https:\/\/sites.letras.ufmg.br\/aem\/wp-json\/wp\/v2\/users\/4"}],"replies":[{"embeddable":true,"href":"https:\/\/sites.letras.ufmg.br\/aem\/wp-json\/wp\/v2\/comments?post=1841"}],"version-history":[{"count":10,"href":"https:\/\/sites.letras.ufmg.br\/aem\/wp-json\/wp\/v2\/pages\/1841\/revisions"}],"predecessor-version":[{"id":3444,"href":"https:\/\/sites.letras.ufmg.br\/aem\/wp-json\/wp\/v2\/pages\/1841\/revisions\/3444"}],"wp:attachment":[{"href":"https:\/\/sites.letras.ufmg.br\/aem\/wp-json\/wp\/v2\/media?parent=1841"}],"curies":[{"name":"wp","href":"https:\/\/api.w.org\/{rel}","templated":true}]}}