{"id":1855,"date":"2023-06-05T19:29:21","date_gmt":"2023-06-05T19:29:21","guid":{"rendered":"https:\/\/sites.letras.ufmg.br\/aem\/?page_id=1855"},"modified":"2024-12-17T17:03:09","modified_gmt":"2024-12-17T17:03:09","slug":"lucia-machado-de-almeida","status":"publish","type":"page","link":"https:\/\/sites.letras.ufmg.br\/aem\/lucia-machado-de-almeida\/","title":{"rendered":"L\u00facia Machado de Almeida"},"content":{"rendered":"\n\n\t\t\t\t<img decoding=\"async\" src=\"http:\/\/sites.letras.ufmg.br\/aem\/wp-content\/uploads\/2024\/11\/lucia-machado-almeida.png\" alt=\"L\u00facia Machado de Almeida. Reprodu\u00e7\u00e3o Arquivo AEM.\" itemprop=\"image\" title=\"lucia-machado-almeida\" onerror=\"this.style.display='none'\"  \/>\n\t\tL\u00facia Machado de Almeida. Reprodu\u00e7\u00e3o Arquivo AEM.\n\t\t\t<a href=\"http:\/\/sites.letras.ufmg.br\/aem\/wp-content\/uploads\/2023\/08\/LUCIA-MACHADO-DE-ALMEIDA.pdf\" target=\"_blank\" rel=\"noopener\">\n\t\t\t\t\t\t\tInvent\u00e1rio\n\t\t\t\t\t<\/a>\n\t<p>Integrante de uma conhecida fam\u00edlia de escritores &#8211; An\u00edbal Machado, Maria Clara Machado, Paulo Machado, Carolina Machado de Lima e Murilo Mendes -, <strong>L\u00facia Machado de Almeida <\/strong>tornou-se conhecida como escritora de literatura infanto-juvenil e como intelectual dedicada a estudos e pesquisas sobre a cultura e a arte brasileira. Editora do Suplemento Liter\u00e1rio do Minas Gerais e membro da Diretoria da Associa\u00e7\u00e3o Franco-Brasileira de Cultura, do Instituto Hist\u00f3rico de Minas Gerais e da Comiss\u00e3o Nacional de Folclore, a autora recebeu distin\u00e7\u00f5es importantes pelo trabalho realizado na divulga\u00e7\u00e3o de temas do patrim\u00f4nio e da mineiridade, junto aos jovens, em livros como Est\u00f3rias do fundo do mar, O caso da borboleta At\u00edria, Xisto no espa\u00e7o, O escaravelho do diabo, Spharion, Viagens maravilhosas de Marco P\u00f3lo e Roteiros das cidades hist\u00f3ricas de Minas, dentre outros<\/p>\n\t<p><strong>Nascimento: <\/strong>9 de maio de 1910, Santa Luzia, Minas Gerais, Brasil<\/p>\n<p><strong>Falecimento: <\/strong>30 de abril de 2005, Indaiatuba,\u00a0S\u00e3o Paulo,\u00a0Brasil<\/p>\n<p><strong>Origem do acervo: Doa\u00e7\u00e3o pela fam\u00edlia<\/strong><\/p>\n<p><strong>Data de incorpora\u00e7\u00e3o: 2009<\/strong><\/p>\n<p><strong>Sum\u00e1rio da composi\u00e7\u00e3o do acervo: <\/strong>Cerca de 45 itens bibliogr\u00e1ficos e 1600 documentos de arquivo.<\/p>\n<p><strong><br \/><br \/><\/strong><\/p>\n\n","protected":false},"excerpt":{"rendered":"<p>L\u00facia Machado de Almeida. Reprodu\u00e7\u00e3o Arquivo AEM. Invent\u00e1rio Integrante de uma conhecida fam\u00edlia de escritores &#8211; An\u00edbal Machado, Maria Clara Machado, Paulo Machado, Carolina Machado de Lima e Murilo Mendes -, L\u00facia Machado de Almeida tornou-se conhecida como escritora de literatura infanto-juvenil e como intelectual dedicada a estudos e pesquisas sobre a cultura e a [&hellip;]<\/p>\n","protected":false},"author":4,"featured_media":3226,"parent":0,"menu_order":0,"comment_status":"closed","ping_status":"closed","template":"","meta":{"saved_in_kubio":false,"footnotes":""},"class_list":["post-1855","page","type-page","status-publish","has-post-thumbnail","hentry"],"kubio_ai_page_context":{"short_desc":"","purpose":"general"},"_links":{"self":[{"href":"https:\/\/sites.letras.ufmg.br\/aem\/wp-json\/wp\/v2\/pages\/1855","targetHints":{"allow":["GET"]}}],"collection":[{"href":"https:\/\/sites.letras.ufmg.br\/aem\/wp-json\/wp\/v2\/pages"}],"about":[{"href":"https:\/\/sites.letras.ufmg.br\/aem\/wp-json\/wp\/v2\/types\/page"}],"author":[{"embeddable":true,"href":"https:\/\/sites.letras.ufmg.br\/aem\/wp-json\/wp\/v2\/users\/4"}],"replies":[{"embeddable":true,"href":"https:\/\/sites.letras.ufmg.br\/aem\/wp-json\/wp\/v2\/comments?post=1855"}],"version-history":[{"count":10,"href":"https:\/\/sites.letras.ufmg.br\/aem\/wp-json\/wp\/v2\/pages\/1855\/revisions"}],"predecessor-version":[{"id":3459,"href":"https:\/\/sites.letras.ufmg.br\/aem\/wp-json\/wp\/v2\/pages\/1855\/revisions\/3459"}],"wp:featuredmedia":[{"embeddable":true,"href":"https:\/\/sites.letras.ufmg.br\/aem\/wp-json\/wp\/v2\/media\/3226"}],"wp:attachment":[{"href":"https:\/\/sites.letras.ufmg.br\/aem\/wp-json\/wp\/v2\/media?parent=1855"}],"curies":[{"name":"wp","href":"https:\/\/api.w.org\/{rel}","templated":true}]}}