{"id":1859,"date":"2023-06-05T19:30:49","date_gmt":"2023-06-05T19:30:49","guid":{"rendered":"https:\/\/sites.letras.ufmg.br\/aem\/?page_id=1859"},"modified":"2024-12-04T19:26:15","modified_gmt":"2024-12-04T19:26:15","slug":"oswaldo-franca-jr","status":"publish","type":"page","link":"https:\/\/sites.letras.ufmg.br\/aem\/oswaldo-franca-jr\/","title":{"rendered":"Oswaldo Fran\u00e7a Jr."},"content":{"rendered":"\n\n\t\t\t\t<img loading=\"lazy\" decoding=\"async\" src=\"https:\/\/sites.letras.ufmg.br\/aem\/wp-content\/uploads\/2024\/11\/oswaldo-franca-jr.png\" alt=\"Oswaldo Fran\u00e7a Jr. Reprodu\u00e7\u00e3o Arquivo AEM.\" itemprop=\"image\" height=\"1600\" width=\"1200\" title=\"oswaldo-franca-jr\" onerror=\"this.style.display='none'\"  \/>\n\t\tOswaldo Fran\u00e7a Jr. Reprodu\u00e7\u00e3o Arquivo AEM.\n\t\t\t<a href=\"http:\/\/sites.letras.ufmg.br\/aem\/wp-content\/uploads\/2023\/08\/Franca-Junior_inventario_2015.pdf\" target=\"_blank\" rel=\"noopener\">\n\t\t\t\t\t\t\tInvent\u00e1rio\n\t\t\t\t\t<\/a>\n\t<p><strong>Oswaldo Fran\u00e7a Jr.<\/strong> foi um escritor brasileiro, natural do Serro, Minas Gerais. Ingressa na For\u00e7a A\u00e9rea Brasileira aos 17 anos, indo para o Curso de Forma\u00e7\u00e3o de Cadetes, em Barbacena, e depois para o Curso de Forma\u00e7\u00e3o de Oficiais Aviadores, no Rio de Janeiro. Em 1964 \u00e9 afastado da Aeron\u00e1utica, sob a acusa\u00e7\u00e3o de ser subversivo. V\u00e1rios de seus livros foram traduzidos em diferentes l\u00ednguas. Em 1967 recebe o Pr\u00eamio Walmap por <em>Jorge, um brasileiro<\/em>, livro que recebe adapta\u00e7\u00e3o para o cinema e a televis\u00e3o.<\/p>\n\t<p><strong>Nascimento: <\/strong>21 de julho de 1936. Serro, Minas Gerais, Brasil<\/p>\n<p><strong>Falecimento:<\/strong> 10 de junho de 1989, Jo\u00e3o Monlevade, Minas Gerais, Brasil<\/p>\n<p><strong>Origem do acervo: Doa\u00e7\u00e3o pela fam\u00edlia<\/strong><\/p>\n<p><strong>Data de incorpora\u00e7\u00e3o: <\/strong>1997<\/p>\n<p><strong>Sum\u00e1rio da composi\u00e7\u00e3o do acervo: Cerca de 7900 itens bibliogr\u00e1ficos e aproximadamente 3000 documentos de arquivo.<\/strong><\/p>\n\n","protected":false},"excerpt":{"rendered":"<p>Oswaldo Fran\u00e7a Jr. Reprodu\u00e7\u00e3o Arquivo AEM. Invent\u00e1rio Oswaldo Fran\u00e7a Jr. foi um escritor brasileiro, natural do Serro, Minas Gerais. Ingressa na For\u00e7a A\u00e9rea Brasileira aos 17 anos, indo para o Curso de Forma\u00e7\u00e3o de Cadetes, em Barbacena, e depois para o Curso de Forma\u00e7\u00e3o de Oficiais Aviadores, no Rio de Janeiro. Em 1964 \u00e9 afastado [&hellip;]<\/p>\n","protected":false},"author":4,"featured_media":0,"parent":0,"menu_order":0,"comment_status":"closed","ping_status":"closed","template":"","meta":{"saved_in_kubio":false,"footnotes":""},"class_list":["post-1859","page","type-page","status-publish","hentry"],"kubio_ai_page_context":{"short_desc":"","purpose":"general"},"_links":{"self":[{"href":"https:\/\/sites.letras.ufmg.br\/aem\/wp-json\/wp\/v2\/pages\/1859","targetHints":{"allow":["GET"]}}],"collection":[{"href":"https:\/\/sites.letras.ufmg.br\/aem\/wp-json\/wp\/v2\/pages"}],"about":[{"href":"https:\/\/sites.letras.ufmg.br\/aem\/wp-json\/wp\/v2\/types\/page"}],"author":[{"embeddable":true,"href":"https:\/\/sites.letras.ufmg.br\/aem\/wp-json\/wp\/v2\/users\/4"}],"replies":[{"embeddable":true,"href":"https:\/\/sites.letras.ufmg.br\/aem\/wp-json\/wp\/v2\/comments?post=1859"}],"version-history":[{"count":10,"href":"https:\/\/sites.letras.ufmg.br\/aem\/wp-json\/wp\/v2\/pages\/1859\/revisions"}],"predecessor-version":[{"id":3467,"href":"https:\/\/sites.letras.ufmg.br\/aem\/wp-json\/wp\/v2\/pages\/1859\/revisions\/3467"}],"wp:attachment":[{"href":"https:\/\/sites.letras.ufmg.br\/aem\/wp-json\/wp\/v2\/media?parent=1859"}],"curies":[{"name":"wp","href":"https:\/\/api.w.org\/{rel}","templated":true}]}}