{"id":2208,"date":"2023-06-23T18:44:46","date_gmt":"2023-06-23T18:44:46","guid":{"rendered":"https:\/\/sites.letras.ufmg.br\/aem\/?page_id=2208"},"modified":"2024-12-04T19:27:53","modified_gmt":"2024-12-04T19:27:53","slug":"paulo-emilio-rubiao","status":"publish","type":"page","link":"https:\/\/sites.letras.ufmg.br\/aem\/paulo-emilio-rubiao\/","title":{"rendered":"Paulo Em\u00edlio Rubi\u00e3o"},"content":{"rendered":"\n\n\t\t\t\t<img decoding=\"async\" src=\"http:\/\/sites.letras.ufmg.br\/aem\/wp-content\/uploads\/2024\/11\/paulo-emilio-rubiao.png\" alt=\"Paulo Em\u00edlio Rubi\u00e3o. Reprodu\u00e7\u00e3o Acervo AEM.\" itemprop=\"image\" title=\"paulo-emilio-rubiao\" onerror=\"this.style.display='none'\"  \/>\n\t\tPaulo Em\u00edlio Rubi\u00e3o. Reprodu\u00e7\u00e3o Acervo AEM.\n\t\t\t<a href=\"http:\/\/sites.letras.ufmg.br\/aem\/wp-content\/uploads\/2023\/08\/PAULO-EMILIO-RUBIAO-FINAL.pdf\" target=\"_blank\" rel=\"noopener\">\n\t\t\t\t\t\t\tInvent\u00e1rio\n\t\t\t\t\t<\/a>\n\t<p>Filho de Eug\u00eanio Rubi\u00e3o e irm\u00e3o do escritor Murilo Rubi\u00e3o, <strong>Paulo Em\u00edlio Rubi\u00e3o<\/strong> gradua-se em Medicina pela UFMG em 1944. Faz resid\u00eancia M\u00e9dica em Richmond, Virginia, no Estados Unidos, com especializa\u00e7\u00e3o em Urologia. Ele tamb\u00e9m foi professor Adjunto da Faculdade de Medicina da UFMG.<\/p>\n\t<p><strong>Nascimento:\u00a0<\/strong>1917, Belo Horizonte, Minas Gerais<\/p>\n<p><strong>Falecimento:<\/strong> 1990, Belo Horizonte, Minas Gerais<\/p>\n<p><strong>Origem do acervo: Doa\u00e7\u00e3o pela fam\u00edlia<\/strong><\/p>\n<p><strong>Data de incorpora\u00e7\u00e3o: 2010<\/strong><\/p>\n<p><strong>Sumario de composi\u00e7\u00e3o do acervo: Cerca de 140 itens bibliogr\u00e1ficos e 1 manuscrito.<\/strong><\/p>\n\n","protected":false},"excerpt":{"rendered":"<p>Paulo Em\u00edlio Rubi\u00e3o. Reprodu\u00e7\u00e3o Acervo AEM. Invent\u00e1rio Filho de Eug\u00eanio Rubi\u00e3o e irm\u00e3o do escritor Murilo Rubi\u00e3o, Paulo Em\u00edlio Rubi\u00e3o gradua-se em Medicina pela UFMG em 1944. Faz resid\u00eancia M\u00e9dica em Richmond, Virginia, no Estados Unidos, com especializa\u00e7\u00e3o em Urologia. Ele tamb\u00e9m foi professor Adjunto da Faculdade de Medicina da UFMG. Nascimento:\u00a01917, Belo Horizonte, Minas [&hellip;]<\/p>\n","protected":false},"author":4,"featured_media":0,"parent":0,"menu_order":0,"comment_status":"closed","ping_status":"closed","template":"","meta":{"saved_in_kubio":false,"footnotes":""},"class_list":["post-2208","page","type-page","status-publish","hentry"],"kubio_ai_page_context":{"short_desc":"","purpose":"general"},"_links":{"self":[{"href":"https:\/\/sites.letras.ufmg.br\/aem\/wp-json\/wp\/v2\/pages\/2208","targetHints":{"allow":["GET"]}}],"collection":[{"href":"https:\/\/sites.letras.ufmg.br\/aem\/wp-json\/wp\/v2\/pages"}],"about":[{"href":"https:\/\/sites.letras.ufmg.br\/aem\/wp-json\/wp\/v2\/types\/page"}],"author":[{"embeddable":true,"href":"https:\/\/sites.letras.ufmg.br\/aem\/wp-json\/wp\/v2\/users\/4"}],"replies":[{"embeddable":true,"href":"https:\/\/sites.letras.ufmg.br\/aem\/wp-json\/wp\/v2\/comments?post=2208"}],"version-history":[{"count":7,"href":"https:\/\/sites.letras.ufmg.br\/aem\/wp-json\/wp\/v2\/pages\/2208\/revisions"}],"predecessor-version":[{"id":3469,"href":"https:\/\/sites.letras.ufmg.br\/aem\/wp-json\/wp\/v2\/pages\/2208\/revisions\/3469"}],"wp:attachment":[{"href":"https:\/\/sites.letras.ufmg.br\/aem\/wp-json\/wp\/v2\/media?parent=2208"}],"curies":[{"name":"wp","href":"https:\/\/api.w.org\/{rel}","templated":true}]}}