{"id":2589,"date":"2023-07-31T17:11:24","date_gmt":"2023-07-31T17:11:24","guid":{"rendered":"https:\/\/sites.letras.ufmg.br\/aem\/?page_id=2589"},"modified":"2024-12-17T18:09:28","modified_gmt":"2024-12-17T18:09:28","slug":"biblioteca","status":"publish","type":"page","link":"https:\/\/sites.letras.ufmg.br\/aem\/biblioteca\/","title":{"rendered":"Biblioteca"},"content":{"rendered":"\n\n\t\t\t<a href=\"https:\/\/catalogobiblioteca.ufmg.br\/pergamum\/biblioteca\/index.php\" target=\"_blank\" rel=\"noopener\">\n\t\t\t\t\t\t\tConsulta ao Pergamum\n\t\t\t\t\t<\/a>\n\t\t\t\t<img loading=\"lazy\" decoding=\"async\" src=\"http:\/\/sites.letras.ufmg.br\/aem\/wp-content\/uploads\/2023\/07\/pesquisa-botao4.jpg\" alt=\"pesquisa-botao4\" itemprop=\"image\" height=\"932\" width=\"3900\" title=\"pesquisa-botao4\" onerror=\"this.style.display='none'\"  \/>\n\t\t\t<a href=\"https:\/\/sites.letras.ufmg.br\/aem\/consulta-local-de-livros\/\" target=\"_self\" rel=\"noopener\">\n\t\t\t\t\t\t\tConsulta local de livros\n\t\t\t\t\t<\/a>\n\t\t\t\t<img loading=\"lazy\" decoding=\"async\" src=\"http:\/\/sites.letras.ufmg.br\/aem\/wp-content\/uploads\/2023\/06\/pesquisa-botao-1.jpg\" alt=\"pesquisa-botao\" itemprop=\"image\" height=\"875\" width=\"3900\" title=\"pesquisa-botao\" onerror=\"this.style.display='none'\"  \/>\n\t\t\t<a href=\"https:\/\/sites.letras.ufmg.br\/aem\/consulta-acervo\/\" target=\"_self\" rel=\"noopener\">\n\t\t\t\t\t\t\tConsulta \u00e0s obras da cole\u00e7\u00e3o especial\n\t\t\t\t\t<\/a>\n\t\t\t\t<img loading=\"lazy\" decoding=\"async\" src=\"http:\/\/sites.letras.ufmg.br\/aem\/wp-content\/uploads\/2023\/06\/pesquisa-botao-2.jpg\" alt=\"pesquisa-botao\" itemprop=\"image\" height=\"932\" width=\"3900\" title=\"pesquisa-botao\" onerror=\"this.style.display='none'\"  \/>\n\n","protected":false},"excerpt":{"rendered":"<p>Consulta ao Pergamum Consulta local de livros Consulta \u00e0s obras da cole\u00e7\u00e3o especial<\/p>\n","protected":false},"author":4,"featured_media":2943,"parent":0,"menu_order":0,"comment_status":"closed","ping_status":"closed","template":"","meta":{"saved_in_kubio":false,"footnotes":""},"class_list":["post-2589","page","type-page","status-publish","has-post-thumbnail","hentry"],"kubio_ai_page_context":{"short_desc":"","purpose":"general"},"_links":{"self":[{"href":"https:\/\/sites.letras.ufmg.br\/aem\/wp-json\/wp\/v2\/pages\/2589","targetHints":{"allow":["GET"]}}],"collection":[{"href":"https:\/\/sites.letras.ufmg.br\/aem\/wp-json\/wp\/v2\/pages"}],"about":[{"href":"https:\/\/sites.letras.ufmg.br\/aem\/wp-json\/wp\/v2\/types\/page"}],"author":[{"embeddable":true,"href":"https:\/\/sites.letras.ufmg.br\/aem\/wp-json\/wp\/v2\/users\/4"}],"replies":[{"embeddable":true,"href":"https:\/\/sites.letras.ufmg.br\/aem\/wp-json\/wp\/v2\/comments?post=2589"}],"version-history":[{"count":22,"href":"https:\/\/sites.letras.ufmg.br\/aem\/wp-json\/wp\/v2\/pages\/2589\/revisions"}],"predecessor-version":[{"id":3072,"href":"https:\/\/sites.letras.ufmg.br\/aem\/wp-json\/wp\/v2\/pages\/2589\/revisions\/3072"}],"wp:featuredmedia":[{"embeddable":true,"href":"https:\/\/sites.letras.ufmg.br\/aem\/wp-json\/wp\/v2\/media\/2943"}],"wp:attachment":[{"href":"https:\/\/sites.letras.ufmg.br\/aem\/wp-json\/wp\/v2\/media?parent=2589"}],"curies":[{"name":"wp","href":"https:\/\/api.w.org\/{rel}","templated":true}]}}