{"id":2841,"date":"2023-08-29T14:03:41","date_gmt":"2023-08-29T14:03:41","guid":{"rendered":"https:\/\/sites.letras.ufmg.br\/aem\/?page_id=2841"},"modified":"2025-07-14T13:52:59","modified_gmt":"2025-07-14T16:52:59","slug":"familia-avila","status":"publish","type":"page","link":"https:\/\/sites.letras.ufmg.br\/aem\/familia-avila\/","title":{"rendered":"Fam\u00edlia \u00c1vila"},"content":{"rendered":"\n\n\t\t\t\t<img loading=\"lazy\" decoding=\"async\" src=\"https:\/\/sites.letras.ufmg.br\/aem\/wp-content\/uploads\/2023\/08\/perfil-familia-avila.png\" alt=\"Zilah Corr\u00eaa de Ara\u00fajo, Affonso \u00c1vila e La\u00eds Corr\u00eaa de Ara\u00fajo.\" itemprop=\"image\" height=\"670\" width=\"530\" title=\"perfil-familia-avila\" onerror=\"this.style.display='none'\"  \/>\n\t\tZilah Corr\u00eaa de Ara\u00fajo, Affonso \u00c1vila e La\u00eds Corr\u00eaa de Ara\u00fajo.\n\t\t\t<a href=\"http:\/\/sites.letras.ufmg.br\/aem\/wp-content\/uploads\/2023\/08\/Inventario-Familia-Avila-provisorio.pdf\" target=\"_blank\" rel=\"noopener\">\n\t\t\t\t\t\t\tInvent\u00e1rio Provis\u00f3rio\n\t\t\t\t\t<\/a>\n\t<p><strong>Affonso \u00c1vila<\/strong> tem importante atua\u00e7\u00e3o como poeta, critico liter\u00e1rio, ensa\u00edsta e especialista em arte barroca. Na d\u00e9cada de 1950, trabalha como jornalista e como auxiliar de gabinete do governador JK. Participa do movimento liter\u00e1rio da poesia de vanguarda, ao lado de La\u00eds Corr\u00eaa de Ara\u00fajo, com quem se casa. De 1969 a 1980, contribui com projetos relacionados \u00e0 preserva\u00e7\u00e3o das cidades hist\u00f3ricas de Minas Gerais. Em 1991, recebe o Premio Jabuti de poesia, pelo livro <i>O visto e o imaginado<\/i>.<\/p>\n\t<p>Poeta, professora universit\u00e1ria, jornalista, cr\u00edtica liter\u00e1ria e pesquisadora, <strong>La\u00eds Corr\u00eaa de Ara\u00fajo<\/strong> forma-se em L\u00ednguas Neo-Latinas pela UFMG. Nas d\u00e9cadas de 1950 e 1960, participa das ousadas propostas de poesia de vanguarda, ao lado de Affonso \u00c1vila, com quem se casa. Em 1959, cria a coluna &#8220;Roda Gigante&#8221;, no jornal <em>Estado de Minas<\/em>. Colabora tamb\u00e9m com a revista\u00a0<em>O Cruzeiro<\/em>\u00a0e o jornal\u00a0<em>O Estado de S. Paulo<\/em>. Destaca-se na tradu\u00e7\u00e3o e no ensa\u00edsmo, com estudos sobre Murilo Mendes e outro autores.<\/p>\n\t<p><strong>Zilah Corr\u00eaa de Ara\u00fajo<\/strong>, irm\u00e3 da escritora La\u00eds Corr\u00eaa de Ara\u00fajo, tamb\u00e9m escritora, ingressa na literatura sob o pseud\u00f4nimo Barbara de Ara\u00fajo, publicando contos nas revistas O cruzeiro e A cigarra. Zilah ganhou diversos pr\u00eamios ao longo da sua carreira, tais como: Pr\u00eamio Othon Bezerra de Melo da Academia Mineira de Letras; Pr\u00eamio Jo\u00e3o Alphonsus, da Secretaria de Educa\u00e7\u00e3o do Estado de Minas Gerais; Pr\u00eamio Nacional de Fic\u00e7\u00e3o da Academia Paulista de Letras e o Pr\u00eamio de Literatura.<\/p>\n\t<p><b>Nascimento: <\/b>19 de janeiro de 1928, Belo Horizonte, Minas Gerais &#8211; Affonso \u00c1vila | 13 de mar\u00e7o de 1929, Campo Belo, Minas Gerais &#8211; La\u00eds Corr\u00eaa de Ara\u00fajo | 20 de mar\u00e7o de 1916, Campo Belo, Minas Gerais &#8211; Zilah Corr\u00eaa de Ara\u00fajo<\/p>\n<p><b>Falecimento: <\/b>26 de setembro de 2012, Belo Horizonte, Minas Gerais &#8211; Affonso \u00c1vila; 19 de dezembro de 2006, Belo Horizonte, Minas Gerais &#8211; La\u00eds Corr\u00eaa de Ara\u00fajo; 20 de agosto de 1975, Belo Horizonte, Minas Gerais &#8211; Zilah Corr\u00eaa de Ara\u00fajo<\/p>\n<p><b>Origem do acervo: <\/b>Doa\u00e7\u00e3o da fam\u00edlia<\/p>\n<p>Obs.: Biblioteca tem\u00e1tica do Barroco de Affonso \u00c1vila foi adquirida pela Funda\u00e7\u00e3o Rodrigo Melo Franco e, atualmente, encontra-se no Campus Cultural UFMG Tiradentes.<\/p>\n<p><b>Data de incorpora\u00e7\u00e3o: <\/b>2013-2014<\/p>\n<p><strong>Sum\u00e1rio da composi\u00e7\u00e3o do acervo:\u00a0<\/strong>Invent\u00e1rio em produ\u00e7\u00e3o<\/p>\n\n","protected":false},"excerpt":{"rendered":"<p>Zilah Corr\u00eaa de Ara\u00fajo, Affonso \u00c1vila e La\u00eds Corr\u00eaa de Ara\u00fajo. Invent\u00e1rio Provis\u00f3rio Affonso \u00c1vila tem importante atua\u00e7\u00e3o como poeta, critico liter\u00e1rio, ensa\u00edsta e especialista em arte barroca. Na d\u00e9cada de 1950, trabalha como jornalista e como auxiliar de gabinete do governador JK. Participa do movimento liter\u00e1rio da poesia de vanguarda, ao lado de La\u00eds [&hellip;]<\/p>\n","protected":false},"author":4,"featured_media":0,"parent":0,"menu_order":0,"comment_status":"closed","ping_status":"closed","template":"","meta":{"saved_in_kubio":false,"footnotes":""},"class_list":["post-2841","page","type-page","status-publish","hentry"],"kubio_ai_page_context":{"short_desc":"","purpose":"general"},"_links":{"self":[{"href":"https:\/\/sites.letras.ufmg.br\/aem\/wp-json\/wp\/v2\/pages\/2841","targetHints":{"allow":["GET"]}}],"collection":[{"href":"https:\/\/sites.letras.ufmg.br\/aem\/wp-json\/wp\/v2\/pages"}],"about":[{"href":"https:\/\/sites.letras.ufmg.br\/aem\/wp-json\/wp\/v2\/types\/page"}],"author":[{"embeddable":true,"href":"https:\/\/sites.letras.ufmg.br\/aem\/wp-json\/wp\/v2\/users\/4"}],"replies":[{"embeddable":true,"href":"https:\/\/sites.letras.ufmg.br\/aem\/wp-json\/wp\/v2\/comments?post=2841"}],"version-history":[{"count":14,"href":"https:\/\/sites.letras.ufmg.br\/aem\/wp-json\/wp\/v2\/pages\/2841\/revisions"}],"predecessor-version":[{"id":3744,"href":"https:\/\/sites.letras.ufmg.br\/aem\/wp-json\/wp\/v2\/pages\/2841\/revisions\/3744"}],"wp:attachment":[{"href":"https:\/\/sites.letras.ufmg.br\/aem\/wp-json\/wp\/v2\/media?parent=2841"}],"curies":[{"name":"wp","href":"https:\/\/api.w.org\/{rel}","templated":true}]}}