{"id":3016,"date":"2024-02-16T19:07:50","date_gmt":"2024-02-16T19:07:50","guid":{"rendered":"http:\/\/sites.letras.ufmg.br\/aem\/?page_id=3016"},"modified":"2025-03-31T12:06:13","modified_gmt":"2025-03-31T15:06:13","slug":"sobre-o-aem-2","status":"publish","type":"page","link":"https:\/\/sites.letras.ufmg.br\/aem\/sobre-o-aem-2\/","title":{"rendered":"Sobre o AEM"},"content":{"rendered":"\n\n\t<iframe loading=\"lazy\" title=\"Come\u00e7os: Acervo de Escritores Mineiros da UFMG\" width=\"696\" height=\"392\" src=\"https:\/\/www.youtube.com\/embed\/aIPf44mGVoY?feature=oembed\" frameborder=\"0\" allow=\"accelerometer; autoplay; clipboard-write; encrypted-media; gyroscope; picture-in-picture; web-share\" allowfullscreen><\/iframe>\n\t\t\t\t<img loading=\"lazy\" decoding=\"async\" src=\"http:\/\/sites.letras.ufmg.br\/aem\/wp-content\/uploads\/2024\/02\/museu-novo.png\" alt=\"museu-novo\" itemprop=\"image\" height=\"1080\" width=\"1627\" title=\"museu-novo\" onerror=\"this.style.display='none'\"  \/>\n\t<h4>Museu<\/h4>\n<p>Atualmente em cartaz, a exposi\u00e7\u00e3o de longa dura\u00e7\u00e3o &#8216;O laborat\u00f3rio do escritor&#8217; fica aberta \u00e0 visita\u00e7\u00e3o de segunda a sexta-feira (exceto feriados). Para visitas mediadas em grupo \u00e9 necess\u00e1rio agendamento pr\u00e9vio.<\/p>\n<p><strong>As visitas est\u00e3o temporariamente suspensas devido \u00e0s obras no pr\u00e9dio da Biblioteca Central da UFMG<\/strong><\/p>\n<p>&nbsp;<\/p>\n\t\t\t\t<img loading=\"lazy\" decoding=\"async\" src=\"http:\/\/sites.letras.ufmg.br\/aem\/wp-content\/uploads\/2024\/02\/arquivo-novo.png\" alt=\"arquivo-novo\" itemprop=\"image\" height=\"1080\" width=\"1627\" title=\"arquivo-novo\" onerror=\"this.style.display='none'\"  \/>\n\t<h4>Acervo<\/h4>\n<p>O acervo salvaguardado pela institui\u00e7\u00e3o \u00e9 composto por documentos diversos acumulados pelas\/os titulares, relacionados \u00e0s suas atividades liter\u00e1rias e a diferentes contextos de suas vidas.<\/p>\n<p>&nbsp;<\/p>\n\t\t\t\t<img loading=\"lazy\" decoding=\"async\" src=\"http:\/\/sites.letras.ufmg.br\/aem\/wp-content\/uploads\/2024\/02\/biblioteca-novo.png\" alt=\"biblioteca-novo\" itemprop=\"image\" height=\"1080\" width=\"1627\" title=\"biblioteca-novo\" onerror=\"this.style.display='none'\"  \/>\n\t<h4>Biblioteca<\/h4>\n<p>O acervo bibliogr\u00e1fico do AEM \u00e9 composto pelas bibliotecas formadas pelos\/as titulares, cujas obras s\u00e3o definidas como cole\u00e7\u00e3o especial e, portanto, restritas \u00e0 consulta local. H\u00e1 tamb\u00e9m um acervo composto por obras de refer\u00eancias relativas a temas afins \u00e0 institui\u00e7\u00e3o, dispon\u00edveis para empr\u00e9stimo aos usu\u00e1rios cadastrados no Sistema de Bibliotecas da UFMG e cuja consulta dispensa o agendamento pr\u00e9vio.<\/p>\n<p>&nbsp;<\/p>\n\t<p>Em 1991, Wander Melo Miranda, professor da Faculdade de Letras da UFMG, prop\u00f4s, em colabora\u00e7\u00e3o com as professoras Eneida Maria de Souza e Maria Zilda Ferreira Cury, o projeto de pesquisa <i>Acervo de Escritores Mineiros<\/i>. Miranda, que \u00e0 \u00e9poca exercia o mandato de primeiro diretor do Centro de Estudos Liter\u00e1rios (CEL), institu\u00eddo dois anos antes, quando do recebimento do acervo da poeta Henriqueta Lisboa, afirmava ser &#8220;evidente a natureza operacional do CEL como espa\u00e7o de articula\u00e7\u00e3o de pesquisas que, embora diversas em determinados aspectos, podem alcan\u00e7ar um n\u00edvel maior de desempenho e uma melhor divulga\u00e7\u00e3o, se congregadas a um projeto mais amplo&#8221;. (MIRANDA, Wander M. Acervo de Escritores Mineiros. <a href=\"https:\/\/sites.letras.ufmg.br\/aem\/documentos-institucionais\/\">Projeto de pesquisa 1991\/1993\/FALE\/UFMG. Arquivo institucional AEM, pp. 3-4).<\/a><\/p>\n\t\t\t\t<img loading=\"lazy\" decoding=\"async\" src=\"http:\/\/sites.letras.ufmg.br\/aem\/wp-content\/uploads\/2024\/02\/historia-novo.png\" alt=\"historia-novo\" itemprop=\"image\" height=\"1080\" width=\"1627\" title=\"historia-novo\" onerror=\"this.style.display='none'\"  \/>\n\t<p>Inicialmente, o objetivo principal expresso foi o de levantar, congregar e organizar diferentes acervos de escritores mineiros &#8220;representativos no cen\u00e1rio liter\u00e1rio nacional&#8221; (IDEM, p.5), &#8220;propondo-se como um n\u00facleo pioneiro de coordena\u00e7\u00e3o&#8221; (IDEM, p.7) destes, num esfor\u00e7o de preserva\u00e7\u00e3o, divulga\u00e7\u00e3o e pesquisa, a fim de evidenciar as &#8220;intera\u00e7\u00f5es socioculturais de suas produ\u00e7\u00f5es nos campos da poesia, da fic\u00e7\u00e3o, do memorialismo e do ensaio com os movimentos liter\u00e1rios, art\u00edsticos, pol\u00edticos e sociais, configuradores do processo de atualiza\u00e7\u00e3o cultural do pa\u00eds&#8221; (IDEM, p. 5).<\/p>\n\t<p>Lan\u00e7ava-se, assim, as bases de uma institui\u00e7\u00e3o que hoje ultrapassa tr\u00eas d\u00e9cadas de exist\u00eancia, fiel \u00e0s suas premissas iniciais e em constante movimento no sentido de atender\u00a0 \u00e0s demandas da universidade e da sociedade contempor\u00e2neas. Nesta perspectiva, o Acervo de Escritores Mineiros tem se apresentado cada vez mais como um espa\u00e7o transdisciplinar, consolidando uma atua\u00e7\u00e3o balizada pela articula\u00e7\u00e3o dos tr\u00eas pilares da universidade, configurando-se como um verdadeiro laborat\u00f3rio de ensino, pesquisa e extens\u00e3o. Para tanto, atualmente o organograma do Acervo de Escritores Mineiros \u00e9 pensado para que cada uma de suas fun\u00e7\u00f5es seja proficuamente desenvolvida e integrada \u00e0s demais.<\/p>\n\t\t\t\t<img loading=\"lazy\" decoding=\"async\" src=\"http:\/\/sites.letras.ufmg.br\/aem\/wp-content\/uploads\/2024\/02\/historia2-novo.png\" alt=\"historia2-novo\" itemprop=\"image\" height=\"1080\" width=\"1627\" title=\"historia2-novo\" onerror=\"this.style.display='none'\"  \/>\n\t<h5>Navegue pelo site, conhe\u00e7a as atividades desenvolvidas pelo Acervo de Escritores Mineiros, descubra todo o potencial deste espa\u00e7o e aproprie-se dele.<\/h5>\n\t<h4>Localiza\u00e7\u00e3o<\/h4>\n<p>Localizado no 3\u00ba andar da Biblioteca Universit\u00e1ria, no Campus Pampulha da UFMG, possu\u00edmos uma equipe de bibliotec\u00e1rios e t\u00e9cnicos especializados. Al\u00e9m de sistemas de ventila\u00e7\u00e3o e seguran\u00e7a apropriados, que garantem a boa conserva\u00e7\u00e3o e o manuseio correto do material.<\/p>\nAv. Ant\u00f4nio Carlos, 6627 &#8211; Pampulha<br \/>\nBelo Horizonte &#8211; MG &#8211; Brasil\n\n","protected":false},"excerpt":{"rendered":"<p>Museu Atualmente em cartaz, a exposi\u00e7\u00e3o de longa dura\u00e7\u00e3o &#8216;O laborat\u00f3rio do escritor&#8217; fica aberta \u00e0 visita\u00e7\u00e3o de segunda a sexta-feira (exceto feriados). Para visitas mediadas em grupo \u00e9 necess\u00e1rio agendamento pr\u00e9vio. As visitas est\u00e3o temporariamente suspensas devido \u00e0s obras no pr\u00e9dio da Biblioteca Central da UFMG &nbsp; Acervo O acervo salvaguardado pela institui\u00e7\u00e3o \u00e9 [&hellip;]<\/p>\n","protected":false},"author":4,"featured_media":0,"parent":0,"menu_order":0,"comment_status":"closed","ping_status":"closed","template":"","meta":{"saved_in_kubio":false,"footnotes":""},"class_list":["post-3016","page","type-page","status-publish","hentry"],"kubio_ai_page_context":{"short_desc":"","purpose":"general"},"_links":{"self":[{"href":"https:\/\/sites.letras.ufmg.br\/aem\/wp-json\/wp\/v2\/pages\/3016","targetHints":{"allow":["GET"]}}],"collection":[{"href":"https:\/\/sites.letras.ufmg.br\/aem\/wp-json\/wp\/v2\/pages"}],"about":[{"href":"https:\/\/sites.letras.ufmg.br\/aem\/wp-json\/wp\/v2\/types\/page"}],"author":[{"embeddable":true,"href":"https:\/\/sites.letras.ufmg.br\/aem\/wp-json\/wp\/v2\/users\/4"}],"replies":[{"embeddable":true,"href":"https:\/\/sites.letras.ufmg.br\/aem\/wp-json\/wp\/v2\/comments?post=3016"}],"version-history":[{"count":11,"href":"https:\/\/sites.letras.ufmg.br\/aem\/wp-json\/wp\/v2\/pages\/3016\/revisions"}],"predecessor-version":[{"id":3179,"href":"https:\/\/sites.letras.ufmg.br\/aem\/wp-json\/wp\/v2\/pages\/3016\/revisions\/3179"}],"wp:attachment":[{"href":"https:\/\/sites.letras.ufmg.br\/aem\/wp-json\/wp\/v2\/media?parent=3016"}],"curies":[{"name":"wp","href":"https:\/\/api.w.org\/{rel}","templated":true}]}}