{"id":3090,"date":"2024-07-11T17:38:57","date_gmt":"2024-07-11T17:38:57","guid":{"rendered":"http:\/\/sites.letras.ufmg.br\/aem\/?page_id=3090"},"modified":"2024-12-19T19:24:27","modified_gmt":"2024-12-19T19:24:27","slug":"adao-ventura-vida-e-obra","status":"publish","type":"page","link":"https:\/\/sites.letras.ufmg.br\/aem\/adao-ventura-vida-e-obra\/","title":{"rendered":"Ad\u00e3o Ventura: vida e obra"},"content":{"rendered":"\n\n\t\t\t\t<img decoding=\"async\" src=\"http:\/\/sites.letras.ufmg.br\/aem\/wp-content\/uploads\/2024\/08\/adao-sem-fundo.png\" alt=\"adao-sem-fundo\" itemprop=\"image\" title=\"adao-sem-fundo\" onerror=\"this.style.display='none'\"  \/>\n<h2>\n\t\tQuem foi Ad\u00e3o Ventura?\n\t<\/h2>\n\tNascido no Vale do Jequitinhonha no dia 5 de julho de 1939, <strong>Ad\u00e3o Ventura<\/strong> foi um dos mais importantes poetas mineiros. Publicou ao longo de sua carreira seis livros de poesia que compartilham as experi\u00eancias e vis\u00f5es do homem negro nascido no Brasil, alcan\u00e7ando n\u00edveis internacionais.<br \/>\nO poeta formou-se em direito pela UFMG, trabalhou no Suplemento Liter\u00e1rio de Minas Gerais e tamb\u00e9m foi professor de literatura na Universidade do Novo Mexico.<br \/>\nDurante sua estadia nos EUA, participou de congressos e teve grande contato com a cultura afro-americana do pa\u00eds. Ad\u00e3o Ventura foi marcado pelo jazz, blues e o contato na luta por direitos civis do povo negro estadunidense, fator importante que impactou fortemente suas obras e escritos desde ent\u00e3o.\n\t\t\t<a href=\"https:\/\/sites.letras.ufmg.br\/aem\/adao-ventura\/\" target=\"_self\">\n\t\t\t\t\t\t\tAcervo de Ad\u00e3o Ventura no AEM\n\t\t\t<\/a>\n\t\t\t\t<img decoding=\"async\" src=\"http:\/\/sites.letras.ufmg.br\/aem\/wp-content\/uploads\/2024\/08\/mapa-serro.png\" alt=\"mapa-serro\" itemprop=\"image\" title=\"mapa-serro\" onerror=\"this.style.display='none'\"  \/>\n\t<p>Ad\u00e3o Ventura Ferreira dos Reis \u00e9 natural do <strong>Vale de Jequitinhonha<\/strong>, nascido na cidade <strong>Santo Ant\u00f4nio do Itamb\u00e9<\/strong>, localizado na regi\u00e3o do Serro.<\/p>\n<p>Neto de escravos e trabalhadores de fazenda e minas da regi\u00e3o, a obra de Ventura foi profundamente marcado pelas suas origens, chegando a publicar em 1997 um livro chamado <strong>Jequitinhonha (poemas do vale)<\/strong>.<\/p>\n<p>Posteriormente o poeta muda-se para Belo Horizonte, onde vai concluir seus estudos em Direito pela Universidade Federal de Minas Gerais em 1971.<\/p>\n<p>&nbsp;<\/p>\n\n\t\t\t\t<img decoding=\"async\" src=\"http:\/\/sites.letras.ufmg.br\/aem\/wp-content\/uploads\/2024\/08\/00002-2.png\" alt=\"00002 2\" itemprop=\"image\" title=\"00002 2\" onerror=\"this.style.display='none'\"  \/>\n\t\t\t\t<img decoding=\"async\" src=\"http:\/\/sites.letras.ufmg.br\/aem\/wp-content\/uploads\/2024\/08\/00004.png\" alt=\"00004\" itemprop=\"image\" title=\"00004\" onerror=\"this.style.display='none'\"  \/>\n\t\t\t\t<img decoding=\"async\" src=\"http:\/\/sites.letras.ufmg.br\/aem\/wp-content\/uploads\/2024\/08\/00015.png\" alt=\"00015\" itemprop=\"image\" title=\"00015\" onerror=\"this.style.display='none'\"  \/>\n\t<p>Logo no in\u00edcio de sua carreira, Ventura foi convidado a trabalhar no <strong>Suplemento Liter\u00e1rio de Minas Gerais<\/strong>, peri\u00f3dico oficial do estado de Minas criado pelo escritor Murilo Rubi\u00e3o junto de La\u00eds Corr\u00eaa de Ara\u00fajo, Affonso \u00c1vila e v\u00e1rios de seus amigos artistas, que realizaram um grande trabalho a favor da literatura e das artes.<\/p>\n<p>Al\u00e9m disso, o poeta foi convidado a lecionar literatura brasileira no exterior pela <strong>Universidade do Novo M\u00e9xico<\/strong>, permanecendo nos <strong>EUA<\/strong> para participar do <strong>Congresso de Escritores Internacionais<\/strong> (International Writing Program) da <strong>Universidade of Iowa<\/strong>. Ad\u00e3o Ventura trocou cartas com F\u00e1bio Lucas durante esse per\u00edodo e esses documentos podem ser encontrados no acervo do cr\u00edtico liter\u00e1rio tamb\u00e9m custodiado pelo AEM.<\/p>\n\t\t\t\t<a href=\"https:\/\/sites.letras.ufmg.br\/aem\/wp-content\/uploads\/2024\/08\/IMG_1786-scaled.jpg\" target=\"_self\" itemprop=\"url\">\n\t\t\t\t<img decoding=\"async\" src=\"http:\/\/sites.letras.ufmg.br\/aem\/wp-content\/uploads\/2024\/08\/IMG_1786-scaled.jpg\" alt=\"Vitrine dedicada a Ad\u00e3o Ventura no Museu no AEM. Na foto encontra-se sua certid\u00e3o de nascimento, caneta pessoal e cart\u00e3o oficial da Imprensa Oficial de Minas Gerais\" itemprop=\"image\" title=\"IMG_1786\" onerror=\"this.style.display='none'\"  \/>\n\t\t\t\t<\/a>\n\t\tVitrine dedicada a Ad\u00e3o Ventura no Museu no AEM. Na foto encontra-se sua certid\u00e3o de nascimento, caneta pessoal e cart\u00e3o oficial da Imprensa Oficial de Minas Gerais\n\t\t\t\t<a href=\"https:\/\/sites.letras.ufmg.br\/aem\/wp-content\/uploads\/2024\/08\/IMG_1785-scaled.jpg\" target=\"_self\" itemprop=\"url\">\n\t\t\t\t<img decoding=\"async\" src=\"http:\/\/sites.letras.ufmg.br\/aem\/wp-content\/uploads\/2024\/08\/IMG_1785-scaled.jpg\" alt=\"Cart\u00e3o oficial da Imprensa de Minas Gerais de Ad\u00e3o Ventura, seu passaporte e cart\u00e3o da presid\u00eancia da Funda\u00e7\u00e3o Palmares.\" itemprop=\"image\" title=\"IMG_1785\" onerror=\"this.style.display='none'\"  \/>\n\t\t\t\t<\/a>\n\t\tCart\u00e3o oficial da Imprensa de Minas Gerais de Ad\u00e3o Ventura, seu passaporte e cart\u00e3o da presid\u00eancia da Funda\u00e7\u00e3o Palmares.\n\t<p>Ad\u00e3o Ventura tamb\u00e9m exerceu um papel fundamental como presidente da <strong>Funda\u00e7\u00e3o Palmares<\/strong>, nomeado em 1990. A Funda\u00e7\u00e3o \u00e9 uma entidade vinculada ao Minist\u00e9rio da Cultura de extrema import\u00e2ncia para a preserva\u00e7\u00e3o, prote\u00e7\u00e3o e divulga\u00e7\u00e3o da cultura afro-brasileira.<\/p>\n\t<p>Dentre os seus <strong>seis<\/strong> livros publicados, <strong>A cor da pele<\/strong>, de 1980, \u00e9 seu livro mais famoso. Por meio de suas poesias, Ad\u00e3o Ventura expressa suas vis\u00f5es de mundo e experiencias enquanto homem negro no Brasil.<\/p>\n\t\t\t\t<a href=\"https:\/\/sites.letras.ufmg.br\/aem\/wp-content\/uploads\/2024\/08\/IMG_1787-scaled.jpg\" target=\"_self\" itemprop=\"url\">\n\t\t\t\t<img decoding=\"async\" src=\"http:\/\/sites.letras.ufmg.br\/aem\/wp-content\/uploads\/2024\/08\/IMG_1787-scaled.jpg\" alt=\"IMG_1787\" itemprop=\"image\" title=\"IMG_1787\" onerror=\"this.style.display='none'\"  \/>\n\t\t\t\t<\/a>\n\t\t\t\t<img decoding=\"async\" src=\"http:\/\/sites.letras.ufmg.br\/aem\/wp-content\/uploads\/2024\/08\/IMG_2436-scaled.jpg\" alt=\"Exemplar de A cor da pele autografado por Ad\u00e3o Ventura e presenteado ao escritor Murilo Rubi\u00e3o.\" itemprop=\"image\" title=\"IMG_2436\" onerror=\"this.style.display='none'\"  \/>\n\t\tExemplar de A cor da pele autografado por Ad\u00e3o Ventura e presenteado ao escritor Murilo Rubi\u00e3o.\n\t\t\t\t<img decoding=\"async\" src=\"http:\/\/sites.letras.ufmg.br\/aem\/wp-content\/uploads\/2024\/08\/IMG_1789-scaled.jpg\" alt=\"IMG_1789\" itemprop=\"image\" title=\"IMG_1789\" onerror=\"this.style.display='none'\"  \/>\n\t\t\t\t<img decoding=\"async\" src=\"http:\/\/sites.letras.ufmg.br\/aem\/wp-content\/uploads\/2024\/08\/IMG_2457-scaled.jpg\" alt=\"IMG_2457\" itemprop=\"image\" title=\"IMG_2457\" onerror=\"this.style.display='none'\"  \/>\n\tVentura teve sua obra traduzida para diversas l\u00ednguas, dentre elas o h\u00fangaro, ingl\u00eas e at\u00e9 mesmo o alem\u00e3o.<br \/>\nA esquerda o exemplar do livro bil\u00edngue <strong>Schwarze Poesie<\/strong> &#8211; Poesia Negra, da cole\u00e7\u00e3o de F\u00e1bio Lucas, que cont\u00eam tradu\u00e7\u00f5es de diversos poemas de escritores afro-brasileiros, dentre eles os de Ad\u00e3o Ventura.\n\t<h3>\u00a0 \u00a0Obras<\/h3>\n\t\t\t\t<img decoding=\"async\" src=\"http:\/\/sites.letras.ufmg.br\/aem\/wp-content\/uploads\/2024\/08\/abrir-se-um-abutre.png\" alt=\"abrir-se-um-abutre\" itemprop=\"image\" title=\"abrir-se-um-abutre\" onerror=\"this.style.display='none'\"  \/>\n<h2>\n\t\tAbrir-se um abutre ou mesmo depois de deduzir dele o azul\n\t<\/h2>\n\t<p>Belo Horizonte: Ed. Oficina, 1970.<\/p>\n\t\t\t\t<img decoding=\"async\" src=\"http:\/\/sites.letras.ufmg.br\/aem\/wp-content\/uploads\/2024\/08\/as-musculaturas.png\" alt=\"as-musculaturas\" itemprop=\"image\" title=\"as-musculaturas\" onerror=\"this.style.display='none'\"  \/>\n<h2>\n\t\tAs musculaturas do arco do triunfo\n\t<\/h2>\n\t<p>Belo Horizonte: Editora Comunica\u00e7\u00e3o, 1976.<\/p>\n\t\t\t\t<img decoding=\"async\" src=\"http:\/\/sites.letras.ufmg.br\/aem\/wp-content\/uploads\/2024\/08\/a-cor-da-pele.png\" alt=\"a-cor-da-pele\" itemprop=\"image\" title=\"a-cor-da-pele\" onerror=\"this.style.display='none'\"  \/>\n<h2>\n\t\tA cor da pele\n\t<\/h2>\n\t<p>Belo Horizonte: edi\u00e7\u00e3o do Autor, 1980. (poemas)<\/p>\n\t\t\t\t<img decoding=\"async\" src=\"http:\/\/sites.letras.ufmg.br\/aem\/wp-content\/uploads\/2024\/08\/po-de-mico.png\" alt=\"po-de-mico\" itemprop=\"image\" title=\"po-de-mico\" onerror=\"this.style.display='none'\"  \/>\n<h2>\n\t\tP\u00f3-de-mico macaco de circo\n\t<\/h2>\n\t<p>Belo Horizonte: edi\u00e7\u00e3o do autor, 1985. (literatura infantil)<\/p>\n\t\t\t\t<img decoding=\"async\" src=\"http:\/\/sites.letras.ufmg.br\/aem\/wp-content\/uploads\/2024\/08\/texturaafro.png\" alt=\"texturaafro\" itemprop=\"image\" title=\"texturaafro\" onerror=\"this.style.display='none'\"  \/>\n<h2>\n\t\ttexturaafro\n\t<\/h2>\n\t<p>Belo Horizonte: Editora L\u00ea, 1992. (poemas)<\/p>\n\t\t\t\t<img decoding=\"async\" src=\"http:\/\/sites.letras.ufmg.br\/aem\/wp-content\/uploads\/2024\/08\/jequitinhonha.png\" alt=\"jequitinhonha\" itemprop=\"image\" title=\"jequitinhonha\" onerror=\"this.style.display='none'\"  \/>\n<h2>\n\t\tJequitinhonha: poemas do vale\n\t<\/h2>\n\t<p>Belo Horizonte: Coordenadoria de Cultura do Estado de Minas Gerais, 1980. 2 ed. revis. e ampli.<\/p>\n\t\t\t\t<img decoding=\"async\" src=\"http:\/\/sites.letras.ufmg.br\/aem\/wp-content\/uploads\/2024\/08\/litanias-de-cao.png\" alt=\"litanias-de-cao\" itemprop=\"image\" title=\"litanias-de-cao\" onerror=\"this.style.display='none'\"  \/>\n<h2>\n\t\tLitanias de c\u00e3o\n\t<\/h2>\n\t<p>Belo Horizonte: Edi\u00e7\u00e3o do autor, 2002. (poemas).<\/p>\n\t<h3>\u00a0 \u00a0O Jazz no acervo de Ad\u00e3o Ventura<\/h3>\n\t<meta itemprop=\"url\" content=\"http:\/\/sites.letras.ufmg.br\/aem\/wp-content\/uploads\/2024\/08\/playlist-post.mp4\" \/><div style=\"width: 640px;\" class=\"wp-video\"><!--[if lt IE 9]><script>document.createElement('video');<\/script><![endif]-->\n<video muted class=\"wp-video-shortcode\" id=\"video-3090-1\" width=\"640\" height=\"360\" loop=\"1\" autoplay=\"1\" preload=\"metadata\" controls=\"controls\"><source type=\"video\/mp4\" src=\"http:\/\/sites.letras.ufmg.br\/aem\/wp-content\/uploads\/2024\/08\/playlist-post.mp4?_=1\" \/><source type=\"video\/mp4\" src=\"http:\/\/sites.letras.ufmg.br\/aem\/wp-content\/uploads\/2024\/08\/playlist-post.mp4?_=1\" \/><a href=\"http:\/\/sites.letras.ufmg.br\/aem\/wp-content\/uploads\/2024\/08\/playlist-post.mp4\">http:\/\/sites.letras.ufmg.br\/aem\/wp-content\/uploads\/2024\/08\/playlist-post.mp4<\/a><\/video><\/div>\n\t<p>Ad\u00e3o Ventura foi um grande amante do jazz. \u00c9 poss\u00edvel encontrar em seu acervo CD&#8217;s de jazz e blues, diversas revistas e recortes de jornais que falam desses estilos musicais e dos seus artistas mais influentes.<\/p>\n<p>Seu grande apare\u00e7o pelo g\u00eanero musical o levou a escrever um livro onde discorre sobre a sua hist\u00f3ria, desde o in\u00edcio at\u00e9 sua contemporaneidade.<\/p>\n<p>Infelizmente, o livro ainda n\u00e3o veio a ser publicado. Seu manuscrito, no entanto, pode ser encontrado em sua cole\u00e7\u00e3o. Ad\u00e3o o dedica \u00e0 La\u00e9rcio Vilar, artista de Belo Horizonte pioneiro na arte do free jazz. O poeta tamb\u00e9m escreve em nota o desejo de ter uma foto de La\u00e9rcio na capa de seu livro.<\/p>\n\t\t\t<a href=\"https:\/\/open.spotify.com\/playlist\/5SinPHrfZIKLM21WshyQkE?si=8633db4b82f04824\" target=\"_blank\" rel=\"noopener\">\n\t\t\t\t\t\t\tPlaylist com os artistas preferidos de Ad\u00e3o Ventura\n\t\t\t<\/a>\n\t\t\t\t<img decoding=\"async\" src=\"http:\/\/sites.letras.ufmg.br\/aem\/wp-content\/uploads\/2024\/08\/IMG_2403-scaled.jpg\" alt=\"IMG_2403\" itemprop=\"image\" title=\"IMG_2403\" onerror=\"this.style.display='none'\"  \/>\n\t\t\t\t<img decoding=\"async\" src=\"http:\/\/sites.letras.ufmg.br\/aem\/wp-content\/uploads\/2024\/08\/IMG_2415-scaled.jpg\" alt=\"IMG_2415\" itemprop=\"image\" title=\"IMG_2415\" onerror=\"this.style.display='none'\"  \/>\n\t\t\t\t<img decoding=\"async\" src=\"http:\/\/sites.letras.ufmg.br\/aem\/wp-content\/uploads\/2024\/08\/00016-1-scaled.jpg\" alt=\"00016\" itemprop=\"image\" title=\"00016\" onerror=\"this.style.display='none'\"  \/>\n\t\t\t\t<img decoding=\"async\" src=\"http:\/\/sites.letras.ufmg.br\/aem\/wp-content\/uploads\/2024\/08\/00023-1-scaled.jpg\" alt=\"00023\" itemprop=\"image\" title=\"00023\" onerror=\"this.style.display='none'\"  \/>\n\t\t\t\t<img decoding=\"async\" src=\"http:\/\/sites.letras.ufmg.br\/aem\/wp-content\/uploads\/2024\/08\/00024.jpg\" alt=\"00024\" itemprop=\"image\" title=\"00024\" onerror=\"this.style.display='none'\"  \/>\n<h2>\n\t\tSuplemento Liter\u00e1rio de Minas Gerais: Ad\u00e3o Ventura, 80 anos\n\t<\/h2>\n\tA edi\u00e7\u00e3o especial do Suplemento Liter\u00e1rio em homenagem \u00e0 Ad\u00e3o Ventura, publicada em novembro de 2019, conta com diversos textos que oferecem perspectivas e interpreta\u00e7\u00f5es que nos permitem apreciar ainda mais sobre a obra do poeta mineiro, al\u00e9m de conter valiosas informa\u00e7\u00f5es sobre Ventura, seus poemas, e at\u00e9 mesmo alguns de seus manuscritos.<br \/>\nVoc\u00ea pode ter acesso a edi\u00e7\u00e3o por meio do <a href=\"https:\/\/www.bibliotecapublica.mg.gov.br\/suplemento-literario-2\/\">Site Oficial do Suplemento<\/a>, ou clicando no bot\u00e3o abaixo.\n\t\t\t<a href=\"http:\/\/sites.letras.ufmg.br\/aem\/wp-content\/uploads\/2024\/08\/SL_AV_24-9.pdf\" target=\"_blank\" rel=\"noopener\">\n\t\t\t\t\t\t\tSuplemento Liter\u00e1rio\n\t\t\t<\/a>\n\n","protected":false},"excerpt":{"rendered":"<p>Quem foi Ad\u00e3o Ventura? Nascido no Vale do Jequitinhonha no dia 5 de julho de 1939, Ad\u00e3o Ventura foi um dos mais importantes poetas mineiros. Publicou ao longo de sua carreira seis livros de poesia que compartilham as experi\u00eancias e vis\u00f5es do homem negro nascido no Brasil, alcan\u00e7ando n\u00edveis internacionais. O poeta formou-se em direito [&hellip;]<\/p>\n","protected":false},"author":4,"featured_media":0,"parent":0,"menu_order":0,"comment_status":"closed","ping_status":"closed","template":"","meta":{"saved_in_kubio":false,"footnotes":""},"class_list":["post-3090","page","type-page","status-publish","hentry"],"kubio_ai_page_context":{"short_desc":"","purpose":"general"},"_links":{"self":[{"href":"https:\/\/sites.letras.ufmg.br\/aem\/wp-json\/wp\/v2\/pages\/3090","targetHints":{"allow":["GET"]}}],"collection":[{"href":"https:\/\/sites.letras.ufmg.br\/aem\/wp-json\/wp\/v2\/pages"}],"about":[{"href":"https:\/\/sites.letras.ufmg.br\/aem\/wp-json\/wp\/v2\/types\/page"}],"author":[{"embeddable":true,"href":"https:\/\/sites.letras.ufmg.br\/aem\/wp-json\/wp\/v2\/users\/4"}],"replies":[{"embeddable":true,"href":"https:\/\/sites.letras.ufmg.br\/aem\/wp-json\/wp\/v2\/comments?post=3090"}],"version-history":[{"count":20,"href":"https:\/\/sites.letras.ufmg.br\/aem\/wp-json\/wp\/v2\/pages\/3090\/revisions"}],"predecessor-version":[{"id":3564,"href":"https:\/\/sites.letras.ufmg.br\/aem\/wp-json\/wp\/v2\/pages\/3090\/revisions\/3564"}],"wp:attachment":[{"href":"https:\/\/sites.letras.ufmg.br\/aem\/wp-json\/wp\/v2\/media?parent=3090"}],"curies":[{"name":"wp","href":"https:\/\/api.w.org\/{rel}","templated":true}]}}